{"id":1448,"date":"2022-08-25T13:27:00","date_gmt":"2022-08-25T11:27:00","guid":{"rendered":"https:\/\/peterp.dk\/index.php\/home\/"},"modified":"2024-02-29T10:19:45","modified_gmt":"2024-02-29T09:19:45","slug":"forside","status":"publish","type":"page","link":"https:\/\/peterp.dk\/","title":{"rendered":"Forside"},"content":{"rendered":"\t\t<div data-elementor-type=\"wp-page\" data-elementor-id=\"1448\" class=\"elementor elementor-1448\">\n\t\t\t\t<div class=\"elementor-element elementor-element-7991d20 e-flex e-con-boxed e-con e-parent\" data-id=\"7991d20\" data-element_type=\"container\">\n\t\t\t\t\t<div class=\"e-con-inner\">\n\t\t\t\t<div class=\"elementor-element elementor-element-6a700e9 elementor-widget elementor-widget-spacer\" data-id=\"6a700e9\" data-element_type=\"widget\" data-widget_type=\"spacer.default\">\n\t\t\t\t<div class=\"elementor-widget-container\">\n\t\t\t\t\t<div class=\"elementor-spacer\">\n\t\t\t<div class=\"elementor-spacer-inner\"><\/div>\n\t\t<\/div>\n\t\t\t\t<\/div>\n\t\t\t\t<\/div>\n\t\t\t\t\t<\/div>\n\t\t\t\t<\/div>\n\t\t<div class=\"elementor-element elementor-element-69e652e e-flex e-con-boxed e-con e-parent\" data-id=\"69e652e\" data-element_type=\"container\">\n\t\t\t\t\t<div class=\"e-con-inner\">\n\t\t<div class=\"elementor-element elementor-element-360925d e-con-full e-flex e-con e-child\" data-id=\"360925d\" data-element_type=\"container\">\n\t\t\t\t<div class=\"elementor-element elementor-element-0d8ca9d elementor-widget elementor-widget-heading\" data-id=\"0d8ca9d\" data-element_type=\"widget\" data-widget_type=\"heading.default\">\n\t\t\t\t<div class=\"elementor-widget-container\">\n\t\t\t<h2 class=\"elementor-heading-title elementor-size-default\">lidt for sjov<\/h2>\t\t<\/div>\n\t\t\t\t<\/div>\n\t\t\t\t<div class=\"elementor-element elementor-element-b3a803c elementor-widget__width-inherit elementor-widget-tablet__width-inherit elementor-widget-mobile__width-inherit elementor-widget elementor-widget-text-editor\" data-id=\"b3a803c\" data-element_type=\"widget\" data-widget_type=\"text-editor.default\">\n\t\t\t\t<div class=\"elementor-widget-container\">\n\t\t\t\t\t\t\t<p style=\"text-align: left\">Jeg vil gerne dele min oplevelse af hverdagen p\u00e5 Fuglsangs\u00f8 Centeret med dig, hvor jeg bruger stemmestyring og ofte bliver ramt af kolde fingre. Forh\u00e5bentlig vil du finde det b\u00e5de underholdende og interessant. Men pas p\u00e5, der er en stor chance for ironi.<\/p>\t\t\t\t\t\t<\/div>\n\t\t\t\t<\/div>\n\t\t\t\t<\/div>\n\t\t<div class=\"elementor-element elementor-element-fe155b9 e-con-full e-flex e-con e-child\" data-id=\"fe155b9\" data-element_type=\"container\">\n\t\t\t\t<div class=\"elementor-element elementor-element-7962b97 elementor-widget-mobile__width-inherit elementor-widget elementor-widget-image\" data-id=\"7962b97\" data-element_type=\"widget\" data-widget_type=\"image.default\">\n\t\t\t\t<div class=\"elementor-widget-container\">\n\t\t\t\t\t\t\t\t\t\t\t\t\t<img fetchpriority=\"high\" decoding=\"async\" width=\"1024\" height=\"563\" src=\"https:\/\/peterp.dk\/wp-content\/uploads\/2023\/10\/20200522_203214pp-1024x563.jpg\" class=\"attachment-large size-large wp-image-1844\" alt=\"\" srcset=\"https:\/\/peterp.dk\/wp-content\/uploads\/2023\/10\/20200522_203214pp-1024x563.jpg 1024w, https:\/\/peterp.dk\/wp-content\/uploads\/2023\/10\/20200522_203214pp-300x165.jpg 300w, https:\/\/peterp.dk\/wp-content\/uploads\/2023\/10\/20200522_203214pp-768x423.jpg 768w, https:\/\/peterp.dk\/wp-content\/uploads\/2023\/10\/20200522_203214pp-1536x845.jpg 1536w, https:\/\/peterp.dk\/wp-content\/uploads\/2023\/10\/20200522_203214pp-2048x1127.jpg 2048w\" sizes=\"(max-width: 1024px) 100vw, 1024px\" \/>\t\t\t\t\t\t\t\t\t\t\t\t\t<\/div>\n\t\t\t\t<\/div>\n\t\t\t\t<\/div>\n\t\t\t\t\t<\/div>\n\t\t\t\t<\/div>\n\t\t\t\t<section class=\"elementor-section elementor-top-section elementor-element elementor-element-aff6ae1 elementor-section-boxed elementor-section-height-default elementor-section-height-default\" data-id=\"aff6ae1\" data-element_type=\"section\">\n\t\t\t\t\t\t<div class=\"elementor-container elementor-column-gap-wide\">\n\t\t\t\t\t<div class=\"elementor-column elementor-col-33 elementor-top-column elementor-element elementor-element-f8352c5\" data-id=\"f8352c5\" data-element_type=\"column\">\n\t\t\t<div class=\"elementor-widget-wrap elementor-element-populated\">\n\t\t\t\t\t\t<div class=\"elementor-element elementor-element-00d516a elementor-widget elementor-widget-image\" data-id=\"00d516a\" data-element_type=\"widget\" data-widget_type=\"image.default\">\n\t\t\t\t<div class=\"elementor-widget-container\">\n\t\t\t\t\t\t\t\t\t\t\t\t\t\t<a href=\"https:\/\/peterp.dk\/index.php\/stemmestyring\/\">\n\t\t\t\t\t\t\t<img decoding=\"async\" width=\"2560\" height=\"1707\" src=\"https:\/\/peterp.dk\/wp-content\/uploads\/2023\/10\/pexels-pressmaster-3851254-scaled.jpg\" class=\"attachment-full size-full wp-image-1848\" alt=\"\" srcset=\"https:\/\/peterp.dk\/wp-content\/uploads\/2023\/10\/pexels-pressmaster-3851254-scaled.jpg 2560w, https:\/\/peterp.dk\/wp-content\/uploads\/2023\/10\/pexels-pressmaster-3851254-300x200.jpg 300w, https:\/\/peterp.dk\/wp-content\/uploads\/2023\/10\/pexels-pressmaster-3851254-1024x683.jpg 1024w, https:\/\/peterp.dk\/wp-content\/uploads\/2023\/10\/pexels-pressmaster-3851254-768x512.jpg 768w, https:\/\/peterp.dk\/wp-content\/uploads\/2023\/10\/pexels-pressmaster-3851254-1536x1024.jpg 1536w, https:\/\/peterp.dk\/wp-content\/uploads\/2023\/10\/pexels-pressmaster-3851254-2048x1365.jpg 2048w\" sizes=\"(max-width: 2560px) 100vw, 2560px\" \/>\t\t\t\t\t\t\t\t<\/a>\n\t\t\t\t\t\t\t\t\t\t\t\t\t<\/div>\n\t\t\t\t<\/div>\n\t\t\t\t<div class=\"elementor-element elementor-element-5774235 elementor-widget elementor-widget-heading\" data-id=\"5774235\" data-element_type=\"widget\" data-widget_type=\"heading.default\">\n\t\t\t\t<div class=\"elementor-widget-container\">\n\t\t\t<h4 class=\"elementor-heading-title elementor-size-default\">Stemmestyring<\/h4>\t\t<\/div>\n\t\t\t\t<\/div>\n\t\t\t\t<div class=\"elementor-element elementor-element-87870da elementor-widget elementor-widget-text-editor\" data-id=\"87870da\" data-element_type=\"widget\" data-widget_type=\"text-editor.default\">\n\t\t\t\t<div class=\"elementor-widget-container\">\n\t\t\t\t\t\t\t<p>Her kan du l\u00e6se om min hverdag med stemmestyring. Fx omkring ops\u00e6tning af kald til personalet med stemmestyring.<\/p>\t\t\t\t\t\t<\/div>\n\t\t\t\t<\/div>\n\t\t\t\t<div class=\"elementor-element elementor-element-91b32f9 elementor-align-center elementor-widget elementor-widget-button\" data-id=\"91b32f9\" data-element_type=\"widget\" data-widget_type=\"button.default\">\n\t\t\t\t<div class=\"elementor-widget-container\">\n\t\t\t\t\t\t\t<div class=\"elementor-button-wrapper\">\n\t\t\t\t\t<a class=\"elementor-button elementor-button-link elementor-size-sm\" href=\"https:\/\/peterp.dk\/index.php\/stemmestyring\/\">\n\t\t\t\t\t\t<span class=\"elementor-button-content-wrapper\">\n\t\t\t\t\t\t<span class=\"elementor-button-icon\">\n\t\t\t\t<i aria-hidden=\"true\" class=\"fas fa-arrow-right\"><\/i>\t\t\t<\/span>\n\t\t\t\t\t\t\t\t\t<span class=\"elementor-button-text\">L\u00e6s mere <\/span>\n\t\t\t\t\t<\/span>\n\t\t\t\t\t<\/a>\n\t\t\t\t<\/div>\n\t\t\t\t\t\t<\/div>\n\t\t\t\t<\/div>\n\t\t\t\t\t<\/div>\n\t\t<\/div>\n\t\t\t\t<div class=\"elementor-column elementor-col-33 elementor-top-column elementor-element elementor-element-9fec389\" data-id=\"9fec389\" data-element_type=\"column\">\n\t\t\t<div class=\"elementor-widget-wrap elementor-element-populated\">\n\t\t\t\t\t\t<div class=\"elementor-element elementor-element-2dcb0d0 elementor-widget elementor-widget-image\" data-id=\"2dcb0d0\" data-element_type=\"widget\" data-widget_type=\"image.default\">\n\t\t\t\t<div class=\"elementor-widget-container\">\n\t\t\t\t\t\t\t\t\t\t\t\t\t\t<a href=\"https:\/\/peterp.dk\/index.php\/links\/\">\n\t\t\t\t\t\t\t<img decoding=\"async\" width=\"200\" height=\"300\" src=\"https:\/\/peterp.dk\/wp-content\/uploads\/2023\/10\/pexels-lola-russian-3679490-200x300.jpg\" class=\"attachment-medium size-medium wp-image-1985\" alt=\"\" srcset=\"https:\/\/peterp.dk\/wp-content\/uploads\/2023\/10\/pexels-lola-russian-3679490-200x300.jpg 200w, https:\/\/peterp.dk\/wp-content\/uploads\/2023\/10\/pexels-lola-russian-3679490-683x1024.jpg 683w, https:\/\/peterp.dk\/wp-content\/uploads\/2023\/10\/pexels-lola-russian-3679490-768x1152.jpg 768w, https:\/\/peterp.dk\/wp-content\/uploads\/2023\/10\/pexels-lola-russian-3679490-1024x1536.jpg 1024w, https:\/\/peterp.dk\/wp-content\/uploads\/2023\/10\/pexels-lola-russian-3679490-1365x2048.jpg 1365w, https:\/\/peterp.dk\/wp-content\/uploads\/2023\/10\/pexels-lola-russian-3679490-scaled.jpg 1707w\" sizes=\"(max-width: 200px) 100vw, 200px\" \/>\t\t\t\t\t\t\t\t<\/a>\n\t\t\t\t\t\t\t\t\t\t\t\t\t<\/div>\n\t\t\t\t<\/div>\n\t\t\t\t<div class=\"elementor-element elementor-element-4dea650 elementor-widget elementor-widget-heading\" data-id=\"4dea650\" data-element_type=\"widget\" data-widget_type=\"heading.default\">\n\t\t\t\t<div class=\"elementor-widget-container\">\n\t\t\t<h4 class=\"elementor-heading-title elementor-size-default\">Links<\/h4>\t\t<\/div>\n\t\t\t\t<\/div>\n\t\t\t\t<div class=\"elementor-element elementor-element-b5ddd55 elementor-widget elementor-widget-text-editor\" data-id=\"b5ddd55\" data-element_type=\"widget\" data-widget_type=\"text-editor.default\">\n\t\t\t\t<div class=\"elementor-widget-container\">\n\t\t\t\t\t\t\t<p><span style=\"font-weight: 400\">En god lille samling af links.<br \/><\/span><\/p>\t\t\t\t\t\t<\/div>\n\t\t\t\t<\/div>\n\t\t\t\t<div class=\"elementor-element elementor-element-40f3007 elementor-align-center elementor-widget elementor-widget-button\" data-id=\"40f3007\" data-element_type=\"widget\" data-widget_type=\"button.default\">\n\t\t\t\t<div class=\"elementor-widget-container\">\n\t\t\t\t\t\t\t<div class=\"elementor-button-wrapper\">\n\t\t\t\t\t<a class=\"elementor-button elementor-button-link elementor-size-sm\" href=\"https:\/\/peterp.dk\/index.php\/links\/\">\n\t\t\t\t\t\t<span class=\"elementor-button-content-wrapper\">\n\t\t\t\t\t\t<span class=\"elementor-button-icon\">\n\t\t\t\t<i aria-hidden=\"true\" class=\"fas fa-arrow-right\"><\/i>\t\t\t<\/span>\n\t\t\t\t\t\t\t\t\t<span class=\"elementor-button-text\">L\u00e6s mere <\/span>\n\t\t\t\t\t<\/span>\n\t\t\t\t\t<\/a>\n\t\t\t\t<\/div>\n\t\t\t\t\t\t<\/div>\n\t\t\t\t<\/div>\n\t\t\t\t\t<\/div>\n\t\t<\/div>\n\t\t\t\t<div class=\"elementor-column elementor-col-33 elementor-top-column elementor-element elementor-element-a4b2aab\" data-id=\"a4b2aab\" data-element_type=\"column\">\n\t\t\t<div class=\"elementor-widget-wrap elementor-element-populated\">\n\t\t\t\t\t\t<div class=\"elementor-element elementor-element-a868e0d elementor-widget elementor-widget-image\" data-id=\"a868e0d\" data-element_type=\"widget\" data-widget_type=\"image.default\">\n\t\t\t\t<div class=\"elementor-widget-container\">\n\t\t\t\t\t\t\t\t\t\t\t\t\t\t<a href=\"https:\/\/peterp.dk\/index.php\/kolde-haender\/\">\n\t\t\t\t\t\t\t<img loading=\"lazy\" decoding=\"async\" width=\"1280\" height=\"960\" src=\"https:\/\/peterp.dk\/wp-content\/uploads\/2023\/12\/ice-2438495_1280.jpg\" class=\"attachment-full size-full wp-image-2238\" alt=\"\" srcset=\"https:\/\/peterp.dk\/wp-content\/uploads\/2023\/12\/ice-2438495_1280.jpg 1280w, https:\/\/peterp.dk\/wp-content\/uploads\/2023\/12\/ice-2438495_1280-300x225.jpg 300w, https:\/\/peterp.dk\/wp-content\/uploads\/2023\/12\/ice-2438495_1280-1024x768.jpg 1024w, https:\/\/peterp.dk\/wp-content\/uploads\/2023\/12\/ice-2438495_1280-768x576.jpg 768w\" sizes=\"(max-width: 1280px) 100vw, 1280px\" \/>\t\t\t\t\t\t\t\t<\/a>\n\t\t\t\t\t\t\t\t\t\t\t\t\t<\/div>\n\t\t\t\t<\/div>\n\t\t\t\t<div class=\"elementor-element elementor-element-14b01c6 elementor-widget elementor-widget-heading\" data-id=\"14b01c6\" data-element_type=\"widget\" data-widget_type=\"heading.default\">\n\t\t\t\t<div class=\"elementor-widget-container\">\n\t\t\t<h4 class=\"elementor-heading-title elementor-size-default\">Kolde h\u00e6nder <\/h4>\t\t<\/div>\n\t\t\t\t<\/div>\n\t\t\t\t<div class=\"elementor-element elementor-element-f55e44c elementor-widget elementor-widget-text-editor\" data-id=\"f55e44c\" data-element_type=\"widget\" data-widget_type=\"text-editor.default\">\n\t\t\t\t<div class=\"elementor-widget-container\">\n\t\t\t\t\t\t\t<div class=\"flex-col gap-1 md:gap-3\"><div class=\"flex flex-grow flex-col max-w-full\"><div class=\"min-h-[20px] text-message flex flex-col items-start gap-3 whitespace-pre-wrap break-words [.text-message+&amp;]:mt-5 overflow-x-auto\" data-message-author-role=\"assistant\" data-message-id=\"c840c508-01c2-4c26-9c7e-793d7aa26ae3\"><div class=\"markdown prose w-full break-words dark:prose-invert light\"><p>Kolde h\u00e6nder, varm humor: En (is)kold artikel om\u00a0 frysende fingre!<\/p><\/div><\/div><\/div><\/div>\t\t\t\t\t\t<\/div>\n\t\t\t\t<\/div>\n\t\t\t\t<div class=\"elementor-element elementor-element-4001bae elementor-align-center elementor-widget elementor-widget-button\" data-id=\"4001bae\" data-element_type=\"widget\" data-widget_type=\"button.default\">\n\t\t\t\t<div class=\"elementor-widget-container\">\n\t\t\t\t\t\t\t<div class=\"elementor-button-wrapper\">\n\t\t\t\t\t<a class=\"elementor-button elementor-button-link elementor-size-sm\" href=\"https:\/\/peterp.dk\/index.php\/kolde-haender\/\">\n\t\t\t\t\t\t<span class=\"elementor-button-content-wrapper\">\n\t\t\t\t\t\t<span class=\"elementor-button-icon\">\n\t\t\t\t<i aria-hidden=\"true\" class=\"fas fa-arrow-right\"><\/i>\t\t\t<\/span>\n\t\t\t\t\t\t\t\t\t<span class=\"elementor-button-text\">L\u00e6s mere <\/span>\n\t\t\t\t\t<\/span>\n\t\t\t\t\t<\/a>\n\t\t\t\t<\/div>\n\t\t\t\t\t\t<\/div>\n\t\t\t\t<\/div>\n\t\t\t\t\t<\/div>\n\t\t<\/div>\n\t\t\t\t\t<\/div>\n\t\t<\/section>\n\t\t<div class=\"elementor-element elementor-element-19cba19 e-flex e-con-boxed e-con e-parent\" data-id=\"19cba19\" data-element_type=\"container\">\n\t\t\t\t\t<div class=\"e-con-inner\">\n\t\t\t\t<div class=\"elementor-element elementor-element-ebfdf84 elementor-widget elementor-widget-spacer\" data-id=\"ebfdf84\" data-element_type=\"widget\" data-widget_type=\"spacer.default\">\n\t\t\t\t<div class=\"elementor-widget-container\">\n\t\t\t\t\t<div class=\"elementor-spacer\">\n\t\t\t<div class=\"elementor-spacer-inner\"><\/div>\n\t\t<\/div>\n\t\t\t\t<\/div>\n\t\t\t\t<\/div>\n\t\t\t\t\t<\/div>\n\t\t\t\t<\/div>\n\t\t\t\t<\/div>\n\t\t","protected":false},"excerpt":{"rendered":"<p>lidt for sjov Jeg vil gerne dele min oplevelse af hverdagen p\u00e5 Fuglsangs\u00f8 Centeret med dig, hvor jeg bruger stemmestyring og ofte bliver ramt af kolde fingre. Forh\u00e5bentlig vil du finde det b\u00e5de underholdende og interessant. Men pas p\u00e5, der er en stor chance for ironi. Stemmestyring Her kan du l\u00e6se om min hverdag med [&hellip;]<\/p>\n","protected":false},"author":1,"featured_media":0,"parent":0,"menu_order":0,"comment_status":"closed","ping_status":"closed","template":"","meta":{"site-sidebar-layout":"no-sidebar","site-content-layout":"page-builder","ast-site-content-layout":"","site-content-style":"default","site-sidebar-style":"default","ast-global-header-display":"","ast-banner-title-visibility":"","ast-main-header-display":"","ast-hfb-above-header-display":"","ast-hfb-below-header-display":"","ast-hfb-mobile-header-display":"","site-post-title":"disabled","ast-breadcrumbs-content":"","ast-featured-img":"disabled","footer-sml-layout":"","theme-transparent-header-meta":"enabled","adv-header-id-meta":"","stick-header-meta":"","header-above-stick-meta":"","header-main-stick-meta":"","header-below-stick-meta":"","astra-migrate-meta-layouts":"default","ast-page-background-enabled":"default","ast-page-background-meta":{"desktop":{"background-color":"var(--ast-global-color-4)","background-image":"","background-repeat":"repeat","background-position":"center center","background-size":"auto","background-attachment":"scroll","background-type":"","background-media":"","overlay-type":"","overlay-color":"","overlay-opacity":"","overlay-gradient":""},"tablet":{"background-color":"","background-image":"","background-repeat":"repeat","background-position":"center center","background-size":"auto","background-attachment":"scroll","background-type":"","background-media":"","overlay-type":"","overlay-color":"","overlay-opacity":"","overlay-gradient":""},"mobile":{"background-color":"","background-image":"","background-repeat":"repeat","background-position":"center center","background-size":"auto","background-attachment":"scroll","background-type":"","background-media":"","overlay-type":"","overlay-color":"","overlay-opacity":"","overlay-gradient":""}},"ast-content-background-meta":{"desktop":{"background-color":"var(--ast-global-color-5)","background-image":"","background-repeat":"repeat","background-position":"center center","background-size":"auto","background-attachment":"scroll","background-type":"","background-media":"","overlay-type":"","overlay-color":"","overlay-opacity":"","overlay-gradient":""},"tablet":{"background-color":"var(--ast-global-color-5)","background-image":"","background-repeat":"repeat","background-position":"center center","background-size":"auto","background-attachment":"scroll","background-type":"","background-media":"","overlay-type":"","overlay-color":"","overlay-opacity":"","overlay-gradient":""},"mobile":{"background-color":"var(--ast-global-color-5)","background-image":"","background-repeat":"repeat","background-position":"center center","background-size":"auto","background-attachment":"scroll","background-type":"","background-media":"","overlay-type":"","overlay-color":"","overlay-opacity":"","overlay-gradient":""}},"footnotes":""},"class_list":["post-1448","page","type-page","status-publish","hentry"],"yoast_head":"<!-- This site is optimized with the Yoast SEO plugin v24.0 - https:\/\/yoast.com\/wordpress\/plugins\/seo\/ -->\n<title>Forside - PeterP.dk<\/title>\n<meta name=\"robots\" content=\"index, follow, max-snippet:-1, max-image-preview:large, max-video-preview:-1\" \/>\n<link rel=\"canonical\" href=\"https:\/\/peterp.dk\/\" \/>\n<meta property=\"og:locale\" content=\"da_DK\" \/>\n<meta property=\"og:type\" content=\"article\" \/>\n<meta property=\"og:title\" content=\"Forside - PeterP.dk\" \/>\n<meta property=\"og:description\" content=\"lidt for sjov Jeg vil gerne dele min oplevelse af hverdagen p\u00e5 Fuglsangs\u00f8 Centeret med dig, hvor jeg bruger stemmestyring og ofte bliver ramt af kolde fingre. Forh\u00e5bentlig vil du finde det b\u00e5de underholdende og interessant. Men pas p\u00e5, der er en stor chance for ironi. Stemmestyring Her kan du l\u00e6se om min hverdag med [&hellip;]\" \/>\n<meta property=\"og:url\" content=\"https:\/\/peterp.dk\/\" \/>\n<meta property=\"og:site_name\" content=\"PeterP.dk\" \/>\n<meta property=\"article:modified_time\" content=\"2024-02-29T09:19:45+00:00\" \/>\n<meta property=\"og:image\" content=\"https:\/\/peterp.dk\/wp-content\/uploads\/2023\/10\/20200522_203214pp-1024x563.jpg\" \/>\n<meta name=\"twitter:card\" content=\"summary_large_image\" \/>\n<meta name=\"twitter:label1\" content=\"Estimeret l\u00e6setid\" \/>\n\t<meta name=\"twitter:data1\" content=\"2 minutter\" \/>\n<script type=\"application\/ld+json\" class=\"yoast-schema-graph\">{\"@context\":\"https:\/\/schema.org\",\"@graph\":[{\"@type\":\"WebPage\",\"@id\":\"https:\/\/peterp.dk\/\",\"url\":\"https:\/\/peterp.dk\/\",\"name\":\"Forside - PeterP.dk\",\"isPartOf\":{\"@id\":\"https:\/\/peterp.dk\/#website\"},\"primaryImageOfPage\":{\"@id\":\"https:\/\/peterp.dk\/#primaryimage\"},\"image\":{\"@id\":\"https:\/\/peterp.dk\/#primaryimage\"},\"thumbnailUrl\":\"https:\/\/peterp.dk\/wp-content\/uploads\/2023\/10\/20200522_203214pp-1024x563.jpg\",\"datePublished\":\"2022-08-25T11:27:00+00:00\",\"dateModified\":\"2024-02-29T09:19:45+00:00\",\"breadcrumb\":{\"@id\":\"https:\/\/peterp.dk\/#breadcrumb\"},\"inLanguage\":\"da-DK\",\"potentialAction\":[{\"@type\":\"ReadAction\",\"target\":[\"https:\/\/peterp.dk\/\"]}]},{\"@type\":\"ImageObject\",\"inLanguage\":\"da-DK\",\"@id\":\"https:\/\/peterp.dk\/#primaryimage\",\"url\":\"https:\/\/peterp.dk\/wp-content\/uploads\/2023\/10\/20200522_203214pp-scaled.jpg\",\"contentUrl\":\"https:\/\/peterp.dk\/wp-content\/uploads\/2023\/10\/20200522_203214pp-scaled.jpg\",\"width\":2560,\"height\":1409},{\"@type\":\"BreadcrumbList\",\"@id\":\"https:\/\/peterp.dk\/#breadcrumb\",\"itemListElement\":[{\"@type\":\"ListItem\",\"position\":1,\"name\":\"Hjem\",\"item\":\"https:\/\/peterp.dk\/\"},{\"@type\":\"ListItem\",\"position\":2,\"name\":\"Forside\"}]},{\"@type\":\"WebSite\",\"@id\":\"https:\/\/peterp.dk\/#website\",\"url\":\"https:\/\/peterp.dk\/\",\"name\":\"PeterP.dk\",\"description\":\"En hverdag med stemmestyring og kolde h\u00e6nder.\",\"publisher\":{\"@id\":\"https:\/\/peterp.dk\/#\/schema\/person\/e7e877dfe162d8b4e5ae20b3ca787b1d\"},\"potentialAction\":[{\"@type\":\"SearchAction\",\"target\":{\"@type\":\"EntryPoint\",\"urlTemplate\":\"https:\/\/peterp.dk\/?s={search_term_string}\"},\"query-input\":{\"@type\":\"PropertyValueSpecification\",\"valueRequired\":true,\"valueName\":\"search_term_string\"}}],\"inLanguage\":\"da-DK\"},{\"@type\":[\"Person\",\"Organization\"],\"@id\":\"https:\/\/peterp.dk\/#\/schema\/person\/e7e877dfe162d8b4e5ae20b3ca787b1d\",\"name\":\"admin\",\"image\":{\"@type\":\"ImageObject\",\"inLanguage\":\"da-DK\",\"@id\":\"https:\/\/peterp.dk\/#\/schema\/person\/image\/\",\"url\":\"https:\/\/peterp.dk\/wp-content\/uploads\/2023\/12\/Image.png\",\"contentUrl\":\"https:\/\/peterp.dk\/wp-content\/uploads\/2023\/12\/Image.png\",\"width\":1000,\"height\":1000,\"caption\":\"admin\"},\"logo\":{\"@id\":\"https:\/\/peterp.dk\/#\/schema\/person\/image\/\"},\"sameAs\":[\"http:\/\/peterp.dk\"]}]}<\/script>\n<!-- \/ Yoast SEO plugin. -->","yoast_head_json":{"title":"Forside - PeterP.dk","robots":{"index":"index","follow":"follow","max-snippet":"max-snippet:-1","max-image-preview":"max-image-preview:large","max-video-preview":"max-video-preview:-1"},"canonical":"https:\/\/peterp.dk\/","og_locale":"da_DK","og_type":"article","og_title":"Forside - PeterP.dk","og_description":"lidt for sjov Jeg vil gerne dele min oplevelse af hverdagen p\u00e5 Fuglsangs\u00f8 Centeret med dig, hvor jeg bruger stemmestyring og ofte bliver ramt af kolde fingre. Forh\u00e5bentlig vil du finde det b\u00e5de underholdende og interessant. Men pas p\u00e5, der er en stor chance for ironi. Stemmestyring Her kan du l\u00e6se om min hverdag med [&hellip;]","og_url":"https:\/\/peterp.dk\/","og_site_name":"PeterP.dk","article_modified_time":"2024-02-29T09:19:45+00:00","og_image":[{"url":"https:\/\/peterp.dk\/wp-content\/uploads\/2023\/10\/20200522_203214pp-1024x563.jpg","type":"","width":"","height":""}],"twitter_card":"summary_large_image","twitter_misc":{"Estimeret l\u00e6setid":"2 minutter"},"schema":{"@context":"https:\/\/schema.org","@graph":[{"@type":"WebPage","@id":"https:\/\/peterp.dk\/","url":"https:\/\/peterp.dk\/","name":"Forside - PeterP.dk","isPartOf":{"@id":"https:\/\/peterp.dk\/#website"},"primaryImageOfPage":{"@id":"https:\/\/peterp.dk\/#primaryimage"},"image":{"@id":"https:\/\/peterp.dk\/#primaryimage"},"thumbnailUrl":"https:\/\/peterp.dk\/wp-content\/uploads\/2023\/10\/20200522_203214pp-1024x563.jpg","datePublished":"2022-08-25T11:27:00+00:00","dateModified":"2024-02-29T09:19:45+00:00","breadcrumb":{"@id":"https:\/\/peterp.dk\/#breadcrumb"},"inLanguage":"da-DK","potentialAction":[{"@type":"ReadAction","target":["https:\/\/peterp.dk\/"]}]},{"@type":"ImageObject","inLanguage":"da-DK","@id":"https:\/\/peterp.dk\/#primaryimage","url":"https:\/\/peterp.dk\/wp-content\/uploads\/2023\/10\/20200522_203214pp-scaled.jpg","contentUrl":"https:\/\/peterp.dk\/wp-content\/uploads\/2023\/10\/20200522_203214pp-scaled.jpg","width":2560,"height":1409},{"@type":"BreadcrumbList","@id":"https:\/\/peterp.dk\/#breadcrumb","itemListElement":[{"@type":"ListItem","position":1,"name":"Hjem","item":"https:\/\/peterp.dk\/"},{"@type":"ListItem","position":2,"name":"Forside"}]},{"@type":"WebSite","@id":"https:\/\/peterp.dk\/#website","url":"https:\/\/peterp.dk\/","name":"PeterP.dk","description":"En hverdag med stemmestyring og kolde h\u00e6nder.","publisher":{"@id":"https:\/\/peterp.dk\/#\/schema\/person\/e7e877dfe162d8b4e5ae20b3ca787b1d"},"potentialAction":[{"@type":"SearchAction","target":{"@type":"EntryPoint","urlTemplate":"https:\/\/peterp.dk\/?s={search_term_string}"},"query-input":{"@type":"PropertyValueSpecification","valueRequired":true,"valueName":"search_term_string"}}],"inLanguage":"da-DK"},{"@type":["Person","Organization"],"@id":"https:\/\/peterp.dk\/#\/schema\/person\/e7e877dfe162d8b4e5ae20b3ca787b1d","name":"admin","image":{"@type":"ImageObject","inLanguage":"da-DK","@id":"https:\/\/peterp.dk\/#\/schema\/person\/image\/","url":"https:\/\/peterp.dk\/wp-content\/uploads\/2023\/12\/Image.png","contentUrl":"https:\/\/peterp.dk\/wp-content\/uploads\/2023\/12\/Image.png","width":1000,"height":1000,"caption":"admin"},"logo":{"@id":"https:\/\/peterp.dk\/#\/schema\/person\/image\/"},"sameAs":["http:\/\/peterp.dk"]}]}},"_links":{"self":[{"href":"https:\/\/peterp.dk\/index.php\/wp-json\/wp\/v2\/pages\/1448","targetHints":{"allow":["GET"]}}],"collection":[{"href":"https:\/\/peterp.dk\/index.php\/wp-json\/wp\/v2\/pages"}],"about":[{"href":"https:\/\/peterp.dk\/index.php\/wp-json\/wp\/v2\/types\/page"}],"author":[{"embeddable":true,"href":"https:\/\/peterp.dk\/index.php\/wp-json\/wp\/v2\/users\/1"}],"replies":[{"embeddable":true,"href":"https:\/\/peterp.dk\/index.php\/wp-json\/wp\/v2\/comments?post=1448"}],"version-history":[{"count":146,"href":"https:\/\/peterp.dk\/index.php\/wp-json\/wp\/v2\/pages\/1448\/revisions"}],"predecessor-version":[{"id":2551,"href":"https:\/\/peterp.dk\/index.php\/wp-json\/wp\/v2\/pages\/1448\/revisions\/2551"}],"wp:attachment":[{"href":"https:\/\/peterp.dk\/index.php\/wp-json\/wp\/v2\/media?parent=1448"}],"curies":[{"name":"wp","href":"https:\/\/api.w.org\/{rel}","templated":true}]}}